{"id":191,"date":"2025-09-10T20:10:12","date_gmt":"2025-09-10T20:10:12","guid":{"rendered":"https:\/\/hypnotherapie-coaching.ch\/?page_id=191"},"modified":"2025-09-10T21:16:27","modified_gmt":"2025-09-10T21:16:27","slug":"kurzportrait","status":"publish","type":"page","link":"https:\/\/hypnotherapie-coaching.ch\/?page_id=191","title":{"rendered":"Kurzportrait"},"content":{"rendered":"\n<p><strong>Rolf Wyss, Ihr Therapeut<\/strong><\/p>\n\n\n\n<figure class=\"wp-block-image size-full is-resized\"><img loading=\"lazy\" decoding=\"async\" width=\"388\" height=\"405\" src=\"https:\/\/hypnotherapie-coaching.ch\/wp-content\/uploads\/2025\/09\/image-1.png\" alt=\"\" class=\"wp-image-193\" style=\"width:262px;height:auto\" srcset=\"https:\/\/hypnotherapie-coaching.ch\/wp-content\/uploads\/2025\/09\/image-1.png 388w, https:\/\/hypnotherapie-coaching.ch\/wp-content\/uploads\/2025\/09\/image-1-287x300.png 287w\" sizes=\"auto, (max-width: 388px) 100vw, 388px\" \/><\/figure>\n\n\n\n<p><strong>Dipl. Ing. FH<\/strong><br><strong>MBA State University of New York at Albany<\/strong><br><strong>Dipl. Hypnosetherapeut VSH<br>Zert. Hypnosetherapeut NGH<\/strong><br><strong>Dipl. Coach SKC<\/strong><br><strong>Mehrere Semester Studium Psychologie &amp; Philosophie an der Universit\u00e4t Z\u00fcrich<\/strong><\/p>\n\n\n\n<p><strong>Berufliche Erfahrung<\/strong> <br>\u00dcber<strong> <\/strong>30 Jahre Flughafen Z\u00fcrich AG in verschiede F\u00fchrungspositionen <br>\u00dcber 20 Jahre Unternehmensberatung, Coaching und Hypnosetherapie<br>Dozent und Pr\u00fcfungsexperte an verschiedenen Fachhochschulen und Instituten<br>(Leadership, Selbstkenntnis, Unternehmensf\u00fchrung und Umwelt)<\/p>\n\n\n\n<p><strong>Interkulturelle Erfahrung und Familie<\/strong><br>&#8211; Mehrj\u00e4hrige berufliche Auslandaufenthalte u.a. in S\u00fcd-Korea und im Irak<br>&#8211; Verheiratet mit einer Chinesin aus Malaysia, 5 erwachsene S\u00f6hne<\/p>\n\n\n\n<div class=\"wp-block-group\"><div class=\"wp-block-group__inner-container is-layout-constrained wp-block-group-is-layout-constrained\">\n<div class=\"wp-block-group\"><div class=\"wp-block-group__inner-container is-layout-constrained wp-block-group-is-layout-constrained\">\n<div class=\"wp-block-group is-nowrap is-layout-flex wp-container-core-group-is-layout-ad2f72ca wp-block-group-is-layout-flex\"><div class=\"wp-block-image\">\n<figure class=\"aligncenter size-large is-resized\"><img loading=\"lazy\" decoding=\"async\" width=\"707\" height=\"1024\" src=\"https:\/\/hypnotherapie-coaching.ch\/wp-content\/uploads\/2025\/09\/Mitgliedschaft-VSH-2023-1-pdf-707x1024.jpg\" alt=\"\" class=\"wp-image-207\" style=\"width:313px;height:auto\"\/><\/figure>\n<\/div>\n\n\n<div class=\"wp-block-media-text has-media-on-the-right is-stacked-on-mobile\" style=\"grid-template-columns:auto 15%\"><div class=\"wp-block-media-text__content\">\n<p><\/p>\n<\/div><figure class=\"wp-block-media-text__media\"><img loading=\"lazy\" decoding=\"async\" width=\"320\" height=\"317\" src=\"https:\/\/hypnotherapie-coaching.ch\/wp-content\/uploads\/2025\/09\/Screenshot-2025-09-10-225306.png\" alt=\"\" class=\"wp-image-209 size-full\" srcset=\"https:\/\/hypnotherapie-coaching.ch\/wp-content\/uploads\/2025\/09\/Screenshot-2025-09-10-225306.png 320w, https:\/\/hypnotherapie-coaching.ch\/wp-content\/uploads\/2025\/09\/Screenshot-2025-09-10-225306-300x297.png 300w, https:\/\/hypnotherapie-coaching.ch\/wp-content\/uploads\/2025\/09\/Screenshot-2025-09-10-225306-150x150.png 150w, https:\/\/hypnotherapie-coaching.ch\/wp-content\/uploads\/2025\/09\/Screenshot-2025-09-10-225306-100x100.png 100w\" sizes=\"auto, (max-width: 320px) 100vw, 320px\" \/><\/figure><\/div>\n<\/div>\n<\/div><\/div>\n<\/div><\/div>\n","protected":false},"excerpt":{"rendered":"<p>Rolf Wyss, Ihr Therapeut Dipl. Ing. FHMBA State University of New York at AlbanyDipl. Hypnosetherapeut VSHZert. Hypnosetherapeut NGHDipl. Coach SKCMehrere Semester Studium Psychologie &amp; Philosophie an der Universit\u00e4t Z\u00fcrich Berufliche Erfahrung \u00dcber 30 Jahre Flughafen Z\u00fcrich AG in verschiede F\u00fchrungspositionen \u00dcber 20 Jahre Unternehmensberatung, Coaching und HypnosetherapieDozent und Pr\u00fcfungsexperte an verschiedenen Fachhochschulen und Instituten(Leadership, Selbstkenntnis, [&hellip;]<\/p>\n","protected":false},"author":2,"featured_media":0,"parent":0,"menu_order":4,"comment_status":"closed","ping_status":"closed","template":"","meta":{"footnotes":""},"class_list":["post-191","page","type-page","status-publish","hentry"],"_links":{"self":[{"href":"https:\/\/hypnotherapie-coaching.ch\/index.php?rest_route=\/wp\/v2\/pages\/191","targetHints":{"allow":["GET"]}}],"collection":[{"href":"https:\/\/hypnotherapie-coaching.ch\/index.php?rest_route=\/wp\/v2\/pages"}],"about":[{"href":"https:\/\/hypnotherapie-coaching.ch\/index.php?rest_route=\/wp\/v2\/types\/page"}],"author":[{"embeddable":true,"href":"https:\/\/hypnotherapie-coaching.ch\/index.php?rest_route=\/wp\/v2\/users\/2"}],"replies":[{"embeddable":true,"href":"https:\/\/hypnotherapie-coaching.ch\/index.php?rest_route=%2Fwp%2Fv2%2Fcomments&post=191"}],"version-history":[{"count":9,"href":"https:\/\/hypnotherapie-coaching.ch\/index.php?rest_route=\/wp\/v2\/pages\/191\/revisions"}],"predecessor-version":[{"id":216,"href":"https:\/\/hypnotherapie-coaching.ch\/index.php?rest_route=\/wp\/v2\/pages\/191\/revisions\/216"}],"wp:attachment":[{"href":"https:\/\/hypnotherapie-coaching.ch\/index.php?rest_route=%2Fwp%2Fv2%2Fmedia&parent=191"}],"curies":[{"name":"wp","href":"https:\/\/api.w.org\/{rel}","templated":true}]}}