{"id":34,"date":"2021-06-07T16:11:48","date_gmt":"2021-06-07T16:11:48","guid":{"rendered":"https:\/\/hypnotherapie-coaching.ch\/?page_id=34"},"modified":"2025-09-11T20:05:14","modified_gmt":"2025-09-11T20:05:14","slug":"colibri-wp","status":"publish","type":"page","link":"https:\/\/hypnotherapie-coaching.ch\/","title":{"rendered":"Was ist Hypnose"},"content":{"rendered":"\r\n<p><\/p>\r\n\r\n\r\n<p>Hypnose ist ein Zustand zwischen Schlaf und wach sein, ein Zustand geistiger Entspannung. Die Aktivit\u00e4t in den Hirnarealen des bewussten Wachzustands werden zur\u00fcckgebunden und durch das Entspannen des Geistes werden andere Areale aktiver. Das heisst, die Kreativit\u00e4t nimmt zu, Empfindungen und Wahrnehmungen von Vorstellungen werden intensiver und die Erinnerungsf\u00e4higkeit steigt an.<\/p>\r\n\r\n\r\n<p>Schaue Dir in nachfolgenden kurze Video an, was Gabriel Palacios dazu zu sagen hat.<\/p>\r\n\r\n\r\n\r\n<figure class=\"wp-block-embed is-type-video is-provider-youtube wp-block-embed-youtube wp-embed-aspect-16-9 wp-has-aspect-ratio\"><div class=\"wp-block-embed__wrapper\">\r\n<iframe loading=\"lazy\" title=\"Was ist Hypnose?\" width=\"500\" height=\"281\" src=\"https:\/\/www.youtube.com\/embed\/JQo-MY9BLdY?feature=oembed\" frameborder=\"0\" allow=\"accelerometer; autoplay; clipboard-write; encrypted-media; gyroscope; picture-in-picture; web-share\" referrerpolicy=\"strict-origin-when-cross-origin\" allowfullscreen><\/iframe>\r\n<\/div><\/figure>\r\n\r\n\r\n\r\n<ul class=\"wp-block-list\"><li>Hypnose ist ein ganz nat\u00fcrlicher Zustand. Er f\u00e4ngt an, sobald du deine Augen schliesst und Du dich anf\u00e4ngst zu entspannen.<\/li><li>Wir sind mehrmals pro Tag in eine hypnose\u00e4hnlichen Zustand (Tagtr\u00e4umen, in Gedanken versunken sein, kurz vor dem Einschlafen und beim Aufwachen, beim Fernsehen oder im Kino, im Konzert, beim Autofahren oder beim Lesen eines Buchs, wenn du nicht mehr weisst wie du gefahren bist oder was du gelesen hast)<\/li><li>Bei der Hypnose werden die Hirnfrequenzen runtergefahren, und damit werden auch die Hirnareale f\u00fcr das kritische bewusste Denken herunter gefahren, aber nie voll abgestellt. Das Bewusstsein ist entspannt, ist aber immer noch da, es ist nur etwas abgelenkt und interveniert nicht mehr direkt. Dieses \u00dcberwinden resp. Umgehen der kritischen Instanz erm\u00f6glicht es, direkt mit dem Unterbewusstsein in Kontakt zu treten; es ist aufnahmef\u00e4higer und empf\u00e4nglicher, die Suggestibilit\u00e4t nimmt zu. <br>Der Klient \u00abDu\u00bb gibt dabei aber nie die Kontrolle \u00fcber sich ab. \u00abDu\u00bb &nbsp;bleibst immer Herr\/Frau der Lage.<\/li><li>Die Ablehnung resp. Angst vor Hypnose kommt vom schlechten Image das die Hypnose von Show-Hypnosen hat, wo suggeriert wird, dass die Teilnehmer alle Kontrolle dem Hypnotiseur abgegeben.<\/li><\/ul>\r\n","protected":false},"excerpt":{"rendered":"<p>Hypnose ist ein Zustand zwischen Schlaf und wach sein, ein Zustand geistiger Entspannung. Die Aktivit\u00e4t in den Hirnarealen des bewussten Wachzustands werden zur\u00fcckgebunden und durch das Entspannen des Geistes werden andere Areale aktiver. Das heisst, die Kreativit\u00e4t nimmt zu, Empfindungen und Wahrnehmungen von Vorstellungen werden intensiver und die Erinnerungsf\u00e4higkeit steigt an. Schaue Dir in nachfolgenden [&hellip;]<\/p>\n","protected":false},"author":2,"featured_media":0,"parent":0,"menu_order":0,"comment_status":"closed","ping_status":"closed","template":"","meta":{"footnotes":""},"class_list":["post-34","page","type-page","status-publish","hentry"],"_links":{"self":[{"href":"https:\/\/hypnotherapie-coaching.ch\/index.php?rest_route=\/wp\/v2\/pages\/34","targetHints":{"allow":["GET"]}}],"collection":[{"href":"https:\/\/hypnotherapie-coaching.ch\/index.php?rest_route=\/wp\/v2\/pages"}],"about":[{"href":"https:\/\/hypnotherapie-coaching.ch\/index.php?rest_route=\/wp\/v2\/types\/page"}],"author":[{"embeddable":true,"href":"https:\/\/hypnotherapie-coaching.ch\/index.php?rest_route=\/wp\/v2\/users\/2"}],"replies":[{"embeddable":true,"href":"https:\/\/hypnotherapie-coaching.ch\/index.php?rest_route=%2Fwp%2Fv2%2Fcomments&post=34"}],"version-history":[{"count":16,"href":"https:\/\/hypnotherapie-coaching.ch\/index.php?rest_route=\/wp\/v2\/pages\/34\/revisions"}],"predecessor-version":[{"id":163,"href":"https:\/\/hypnotherapie-coaching.ch\/index.php?rest_route=\/wp\/v2\/pages\/34\/revisions\/163"}],"wp:attachment":[{"href":"https:\/\/hypnotherapie-coaching.ch\/index.php?rest_route=%2Fwp%2Fv2%2Fmedia&parent=34"}],"curies":[{"name":"wp","href":"https:\/\/api.w.org\/{rel}","templated":true}]}}